{"id":81,"date":"2014-12-03T20:20:40","date_gmt":"2014-12-03T20:20:40","guid":{"rendered":"http:\/\/ghgartner.at\/wp\/?page_id=81"},"modified":"2020-08-30T17:28:39","modified_gmt":"2020-08-30T17:28:39","slug":"kontakt","status":"publish","type":"page","link":"https:\/\/ghgartner.at\/wp\/kontakt\/","title":{"rendered":"Kontakt"},"content":{"rendered":"\n<figure class=\"wp-block-image size-large\"><img loading=\"lazy\" decoding=\"async\" width=\"1024\" height=\"293\" src=\"http:\/\/ghgartner.at\/wp\/wp-content\/uploads\/2020\/04\/Logo-zugeschnitten-04-2020-1024x293.jpg\" alt=\"\" class=\"wp-image-2449\" srcset=\"https:\/\/ghgartner.at\/wp\/wp-content\/uploads\/2020\/04\/Logo-zugeschnitten-04-2020-1024x293.jpg 1024w, https:\/\/ghgartner.at\/wp\/wp-content\/uploads\/2020\/04\/Logo-zugeschnitten-04-2020-300x86.jpg 300w, https:\/\/ghgartner.at\/wp\/wp-content\/uploads\/2020\/04\/Logo-zugeschnitten-04-2020-768x220.jpg 768w, https:\/\/ghgartner.at\/wp\/wp-content\/uploads\/2020\/04\/Logo-zugeschnitten-04-2020-600x172.jpg 600w, https:\/\/ghgartner.at\/wp\/wp-content\/uploads\/2020\/04\/Logo-zugeschnitten-04-2020-1536x439.jpg 1536w, https:\/\/ghgartner.at\/wp\/wp-content\/uploads\/2020\/04\/Logo-zugeschnitten-04-2020-2048x585.jpg 2048w, https:\/\/ghgartner.at\/wp\/wp-content\/uploads\/2020\/04\/Logo-zugeschnitten-04-2020-940x269.jpg 940w, https:\/\/ghgartner.at\/wp\/wp-content\/uploads\/2020\/04\/Logo-zugeschnitten-04-2020-1320x377.jpg 1320w\" sizes=\"auto, (max-width: 1024px) 100vw, 1024px\" \/><\/figure>\n\n\n<h2>Anfahrt<\/h2>\n<p>Gasthaus Gartner<br>Keplerstra\u00dfe 42, 8020 Graz<br>Tel: 0316 714409, Mobil: 0664 4409867<br>Covid 19 \u00d6ffnungszeiten (vor\u00fcbergehend): Mo-Do 10-19 Uhr, K\u00fcche: bis 18.30 Uhr<br>&nbsp; &nbsp; &nbsp; &nbsp; &nbsp; &nbsp; &nbsp; &nbsp; &nbsp; &nbsp; &nbsp; &nbsp; &nbsp; &nbsp; &nbsp; &nbsp; &nbsp; &nbsp; &nbsp; &nbsp; &nbsp; &nbsp; &nbsp; &nbsp; &nbsp; &nbsp; &nbsp; &nbsp; &nbsp; &nbsp; &nbsp; &nbsp; &nbsp; &nbsp; &nbsp; &nbsp; &nbsp; &nbsp; Fr 10-20 K\u00fcche bis 19.30 Uhr<br>Samstag, Sonntag und Feiertag geschlossen<br>F\u00fcr Veranstaltungen ab 20 Personen \u00f6ffnen wir auch gerne samstags.<\/p>\n<p>Mail:&nbsp; kontakt@ghgartner.at<\/p>\n<link rel=\"stylesheet\" type=\"text\/css\" href=\"https:\/\/ghgartner.at\/wp\/wp-content\/plugins\/osm\/\/css\/osm_map.css\" \/><style type=\"text\/css\">#map_1 {clear: both; padding: 0px; margin: 0px; border: 0px; width: 100%; height: 100%; margin-top:0px; margin-right:0px;margin-left:0px; margin-bottom:0px; left: 0px; border-radius:0px;\nbox-shadow: none;}#map_1 img{clear: both; padding: 0px; margin: 0px; border: 0px; width: 100%; height: 100%; position: absolute; margin-top:0px; margin-right:0px;margin-left:0px; margin-bottom:0px; border-radius:0px;\nbox-shadow: none;}<\/style><div id=\"map_1\" class=\"OSM_Map\" style=\"width:600px; height:250px; overflow:hidden;padding:0px;border:none;\"><script type=\"text\/javascript\" src=\"https:\/\/ghgartner.at\/wp\/wp-content\/plugins\/osm\/js\/OL\/2.13.1\/OpenLayers.js?ver=2.13.1\"><\/script><script type=\"text\/javascript\" src=\"https:\/\/ghgartner.at\/wp\/wp-content\/plugins\/osm\/js\/OSM\/openlayers\/OpenStreetMap.js\"><\/script><script type=\"text\/javascript\" src=\"https:\/\/ghgartner.at\/wp\/wp-content\/plugins\/osm\/js\/osm-plugin-lib.js\"><\/script><script type=\"text\/javascript\">\/* <![CDATA[ *\/(function($) { OpenLayers.ImgPath = \"https:\/\/ghgartner.at\/wp\/wp-content\/plugins\/osm\/themes\/ol\/\"; map_1 = new OpenLayers.Map (\"map_1\", {            controls:[              new OpenLayers.Control.Navigation(),              new OpenLayers.Control.PanZoom(),              new OpenLayers.Control.Attribution()              ],          maxExtent: new OpenLayers.Bounds(-20037508.34,-20037508.34,20037508.34,20037508.34),          maxResolution: 156543.0399,          numZoomLevels: 19,          units: \"m\",          projection: new OpenLayers.Projection(\"EPSG:900913\"),          displayProjection: new OpenLayers.Projection(\"EPSG:4326\")      } );var layerMapnik = new OpenLayers.Layer.OSM.Mapnik(\"Mapnik\");var layerCycle  = new OpenLayers.Layer.OSM.CycleMap(\"CycleMap\");map_1.addLayers([layerMapnik, layerCycle]);map_1.addControl(new OpenLayers.Control.LayerSwitcher());var lonLat = new OpenLayers.LonLat(15.426,47.076).transform(map_1.displayProjection, map_1.projection);map_1.setCenter (lonLat,16);var MarkerLayer = new OpenLayers.Layer.Markers(\"Marker\");map_1.addLayer(MarkerLayer);\n      function osm_map_1MarkerPopUpClick(a_evt){\n        if (this.popup == null){\n          this.popup = this.createPopup(this.closeBox);\n          map_1.addPopup(this.popup);\n          this.popup.show();\n        }\n        else{\n          for (var i = 0; i < map_1.popups.length; i++){\n          map_1.popups[i].hide();\n          }\n          this.popup.toggle();\n        }\n        OpenLayers.Event.stop(a_evt);\n      }\n    var map_1IconArray = [];var Mdata = {};\n        Mdata.icon = new OpenLayers.Icon(\"https:\/\/ghgartner.at\/wp\/wp-content\/plugins\/osm\/icons\/wpttemp-red.png\",\n          new OpenLayers.Size(24,24),\n          new OpenLayers.Pixel(0, -24));map_1IconArray.push(Mdata);var ll = new OpenLayers.LonLat(15.42695,47.07555).transform(map_1.displayProjection, map_1.projection);var feature = new OpenLayers.Feature(MarkerLayer, ll, map_1IconArray[0]);feature.closeBox = true;feature.popupClass = OpenLayers.Class(OpenLayers.Popup.FramedCloud, {\"autoSize\": true, minSize: new OpenLayers.Size(150,150),\"keepInMap\": true } );feature.data.popupContentHTML = \"\";feature.data.overflow = \"hidden\";var marker = new OpenLayers.Marker(ll,map_1IconArray[0].icon.clone());marker.feature = feature;MarkerLayer.addMarker(marker);var lonLat = new OpenLayers.LonLat(15.426,47.076).transform(map_1.displayProjection, map_1.projection);map_1.setCenter (lonLat,16);})(jQuery)\/* ]]> *\/ <\/script><\/div>\n<h2>Kontaktanfrage<\/h2>\n<p>Email: kontakt@ghgartner.at<\/p>\n[contact-form-7 404 \"Nicht gefunden\"]","protected":false},"excerpt":{"rendered":"<p>Anfahrt Gasthaus GartnerKeplerstra\u00dfe 42, 8020 GrazTel: 0316 714409, Mobil: 0664 4409867Covid 19 \u00d6ffnungszeiten (vor\u00fcbergehend): Mo-Do 10-19 Uhr, K\u00fcche: bis 18.30 Uhr&nbsp; &nbsp; &nbsp; &nbsp; &nbsp; &nbsp; &nbsp; &nbsp; &nbsp; &nbsp; &nbsp; &nbsp; &nbsp; &nbsp; &nbsp; &nbsp; &nbsp; &nbsp; &nbsp; &nbsp; &#8230; <a class=\"more-link\" href=\"https:\/\/ghgartner.at\/wp\/kontakt\/\">Read More &raquo;<\/a><\/p>\n","protected":false},"author":1,"featured_media":0,"parent":0,"menu_order":0,"comment_status":"closed","ping_status":"closed","template":"","meta":{"_bbp_topic_count":0,"_bbp_reply_count":0,"_bbp_total_topic_count":0,"_bbp_total_reply_count":0,"_bbp_voice_count":0,"_bbp_anonymous_reply_count":0,"_bbp_topic_count_hidden":0,"_bbp_reply_count_hidden":0,"_bbp_forum_subforum_count":0,"ngg_post_thumbnail":0,"footnotes":""},"class_list":["post-81","page","type-page","status-publish","hentry"],"_links":{"self":[{"href":"https:\/\/ghgartner.at\/wp\/wp-json\/wp\/v2\/pages\/81","targetHints":{"allow":["GET"]}}],"collection":[{"href":"https:\/\/ghgartner.at\/wp\/wp-json\/wp\/v2\/pages"}],"about":[{"href":"https:\/\/ghgartner.at\/wp\/wp-json\/wp\/v2\/types\/page"}],"author":[{"embeddable":true,"href":"https:\/\/ghgartner.at\/wp\/wp-json\/wp\/v2\/users\/1"}],"replies":[{"embeddable":true,"href":"https:\/\/ghgartner.at\/wp\/wp-json\/wp\/v2\/comments?post=81"}],"version-history":[{"count":14,"href":"https:\/\/ghgartner.at\/wp\/wp-json\/wp\/v2\/pages\/81\/revisions"}],"predecessor-version":[{"id":2629,"href":"https:\/\/ghgartner.at\/wp\/wp-json\/wp\/v2\/pages\/81\/revisions\/2629"}],"wp:attachment":[{"href":"https:\/\/ghgartner.at\/wp\/wp-json\/wp\/v2\/media?parent=81"}],"curies":[{"name":"wp","href":"https:\/\/api.w.org\/{rel}","templated":true}]}}